{"id":3681,"date":"2015-07-07T05:12:02","date_gmt":"2015-07-07T05:12:02","guid":{"rendered":"http:\/\/camaraclara.org.br\/violapaulista\/?page_id=3681"},"modified":"2022-05-09T11:43:58","modified_gmt":"2022-05-09T14:43:58","slug":"inicial","status":"publish","type":"page","link":"http:\/\/camaraclara.org.br\/memoriarendeira\/","title":{"rendered":"Inicial"},"content":{"rendered":"<div  class=\"one withsmallpadding ppb_header \" style=\"text-align:left;padding:30px 0 30px 0;\" >\n<div class=\"standard_wrapper\">\n<div class=\"page_content_wrapper\">\n<div class=\"inner\">\n<div style=\"margin:auto;width:100%\">\n<h2 class=\"ppb_title\" style=\"\">Este site disponibiliza acesso a entrevistas gravadas entre 2011 e 2018 pelo coletivo C\u00e2mara Clara com rendeiras de Florian\u00f3polis-SC. Elas contam e cantam sobre o trabalho com a renda de bilros, a inf\u00e2ncia e o cotidiano na Ilha de Santa Catarina.<\/h2>\n<div class=\"page_header_sep left\"><\/div>\n<\/div>\n<\/div>\n<\/div>\n<\/div>\n<\/div>\n<div  class=\"one withsmallpadding ppb_header \" style=\"text-align:left;padding:30px 0 30px 0;\" >\n<div class=\"standard_wrapper\">\n<div class=\"page_content_wrapper\">\n<div class=\"inner\">\n<div style=\"margin:auto;width:100%\">\n<h2 class=\"ppb_title\" style=\"\">Este site disponibiliza acesso a entrevistas gravadas entre 2011 e 2018 pelo coletivo C\u00e2mara Clara com rendeiras de Florian\u00f3polis-SC. Elas contam e cantam sobre o trabalho com a renda de bilros, a inf\u00e2ncia e o cotidiano na Ilha de Santa Catarina.<\/h2>\n<div class=\"page_header_sep left\"><\/div>\n<\/div>\n<\/div>\n<\/div>\n<\/div>\n<\/div>\n<div  class=\"one withsmallpadding ppb_header \" style=\"text-align:left;padding:30px 0 30px 0;\" >\n<div class=\"standard_wrapper\">\n<div class=\"page_content_wrapper\">\n<div class=\"inner\">\n<div style=\"margin:auto;width:100%\">\n<h2 class=\"ppb_title\" style=\"\">Este site disponibiliza acesso a entrevistas gravadas entre 2011 e 2018 pelo coletivo C\u00e2mara Clara com rendeiras de Florian\u00f3polis-SC. Elas contam e cantam sobre o trabalho com a renda de bilros, a inf\u00e2ncia e o cotidiano na Ilha de Santa Catarina.<\/h2>\n<div class=\"page_header_sep left\"><\/div>\n<\/div>\n<\/div>\n<\/div>\n<\/div>\n<\/div>\n<div  class=\"one withsmallpadding ppb_header \" style=\"text-align:left;padding:30px 0 30px 0;\" >\n<div class=\"standard_wrapper\">\n<div class=\"page_content_wrapper\">\n<div class=\"inner\">\n<div style=\"margin:auto;width:100%\">\n<h2 class=\"ppb_title\" style=\"\">VEJA TAMB\u00c9M A S\u00c9RIE DE V\u00cdDEOS COM TRECHOS DOS ENCONTROS <\/h2>\n<div class=\"page_header_sep left\"><\/div>\n<\/div>\n<\/div>\n<\/div>\n<\/div>\n<\/div>\n<div  class=\"one withsmallpadding ppb_header \" style=\"text-align:left;padding:30px 0 30px 0;\" >\n<div class=\"standard_wrapper\">\n<div class=\"page_content_wrapper\">\n<div class=\"inner\">\n<div style=\"margin:auto;width:100%\">\n<h2 class=\"ppb_title\" style=\"\">VEJA TAMB\u00c9M A S\u00c9RIE DE V\u00cdDEOS COM TRECHOS DOS ENCONTROS <\/h2>\n<div class=\"page_header_sep left\"><\/div>\n<\/div>\n<\/div>\n<\/div>\n<\/div>\n<\/div>\n<div  class=\"one withsmallpadding ppb_header \" style=\"text-align:left;padding:30px 0 30px 0;\" >\n<div class=\"standard_wrapper\">\n<div class=\"page_content_wrapper\">\n<div class=\"inner\">\n<div style=\"margin:auto;width:100%\">\n<h2 class=\"ppb_title\" style=\"\">VEJA TAMB\u00c9M A S\u00c9RIE DE V\u00cdDEOS COM TRECHOS DOS ENCONTROS <\/h2>\n<div class=\"page_header_sep left\"><\/div>\n<\/div>\n<\/div>\n<\/div>\n<\/div>\n<\/div>\n<div  class=\"one withsmallpadding ppb_header \" style=\"text-align:left;padding:30px 0 30px 0;\" >\n<div class=\"standard_wrapper\">\n<div class=\"page_content_wrapper\">\n<div class=\"inner\">\n<div style=\"margin:auto;width:100%\">\n<h2 class=\"ppb_title\" style=\"\">PARCERIAS<\/h2>\n<div class=\"page_header_sep left\"><\/div>\n<\/div>\n<\/div>\n<\/div>\n<\/div>\n<\/div>\n<div  class=\"one withsmallpadding ppb_text\" style=\"padding:30px 0 30px 0;\" >\n<div class=\"standard_wrapper\">\n<div class=\"page_content_wrapper\">\n<div class=\"inner\">\n<div style=\"margin:auto;width:100%\">\n<p style=\"text-align: center;\">Projeto selecionado pelo Pr\u00eamio Elisabete Anderle de Apoio \u00e0 Cultura \u2013 Patrim\u00f4nio e paisagem cultural &#8211; Edi\u00e7\u00e3o 2020,<br \/>\nexecutado com recursos do Governo do Estado de Santa Catarina, por meio da Funda\u00e7\u00e3o Catarinense da Cultura.<\/p>\n<\/div>\n<\/div>\n<\/div>\n<\/div>\n<\/div>\n<div  class=\"one withsmallpadding ppb_text\" style=\"padding:30px 0 30px 0;\" >\n<div class=\"standard_wrapper\">\n<div class=\"page_content_wrapper\">\n<div class=\"inner\">\n<div style=\"margin:auto;width:100%\">\n<p style=\"text-align: center;\">Projeto selecionado pelo Pr\u00eamio Elisabete Anderle de Apoio \u00e0 Cultura \u2013 Patrim\u00f4nio e paisagem cultural &#8211; Edi\u00e7\u00e3o 2020,<br \/>\nexecutado com recursos do Governo do Estado de Santa Catarina, por meio da Funda\u00e7\u00e3o Catarinense da Cultura.<\/p>\n<\/div>\n<\/div>\n<\/div>\n<\/div>\n<\/div>\n","protected":false},"excerpt":{"rendered":"<p>Este site disponibiliza acesso a entrevistas gravadas entre 2011 e 2018 pelo coletivo C\u00e2mara Clara com rendeiras de Florian\u00f3polis-SC. Elas contam e cantam sobre o trabalho com a renda de bilros, a inf\u00e2ncia e o cotidiano na Ilha de Santa [&hellip;]<\/p>\n","protected":false},"author":1,"featured_media":0,"parent":0,"menu_order":0,"comment_status":"closed","ping_status":"closed","template":"","meta":{"_mi_skip_tracking":false,"footnotes":""},"class_list":["post-3681","page","type-page","status-publish","hentry"],"_links":{"self":[{"href":"http:\/\/camaraclara.org.br\/memoriarendeira\/wp-json\/wp\/v2\/pages\/3681","targetHints":{"allow":["GET"]}}],"collection":[{"href":"http:\/\/camaraclara.org.br\/memoriarendeira\/wp-json\/wp\/v2\/pages"}],"about":[{"href":"http:\/\/camaraclara.org.br\/memoriarendeira\/wp-json\/wp\/v2\/types\/page"}],"author":[{"embeddable":true,"href":"http:\/\/camaraclara.org.br\/memoriarendeira\/wp-json\/wp\/v2\/users\/1"}],"replies":[{"embeddable":true,"href":"http:\/\/camaraclara.org.br\/memoriarendeira\/wp-json\/wp\/v2\/comments?post=3681"}],"version-history":[{"count":280,"href":"http:\/\/camaraclara.org.br\/memoriarendeira\/wp-json\/wp\/v2\/pages\/3681\/revisions"}],"predecessor-version":[{"id":9163,"href":"http:\/\/camaraclara.org.br\/memoriarendeira\/wp-json\/wp\/v2\/pages\/3681\/revisions\/9163"}],"wp:attachment":[{"href":"http:\/\/camaraclara.org.br\/memoriarendeira\/wp-json\/wp\/v2\/media?parent=3681"}],"curies":[{"name":"wp","href":"https:\/\/api.w.org\/{rel}","templated":true}]}}